{"id":995,"date":"2026-02-13T16:15:09","date_gmt":"2026-02-13T15:15:09","guid":{"rendered":"https:\/\/www.dermadue.ch\/prodotto\/masque-derma-regen\/"},"modified":"2026-05-07T10:33:27","modified_gmt":"2026-05-07T08:33:27","slug":"masque-derma-regen","status":"publish","type":"product","link":"https:\/\/www.dermadue.ch\/fr\/produit\/masque-derma-regen\/","title":{"rendered":"MASQUE DERMA REGEN"},"content":{"rendered":"<p>Masque cosm\u00e9tique formul\u00e9 pour l\u2019application sur une <strong>peau non intacte<\/strong> apr\u00e8s des traitements esth\u00e9tiques professionnels intensifs et \u00e0 fort impact, tels que peelings chimiques, needling ou laser.<\/p>\n<p>Le produit est con\u00e7u pour favoriser la <strong>r\u00e9cup\u00e9ration de la peau<\/strong> dans les phases imm\u00e9diatement post-traitement, en contribuant \u00e0 soutenir les <strong>processus naturels de r\u00e9\u00e9pith\u00e9lialisation<\/strong> et \u00e0 restaurer les conditions de <strong>confort cutan\u00e9<\/strong>. Son application est indiqu\u00e9e lorsque la peau appara\u00eet sensibilis\u00e9e, r\u00e9active ou rouge.<\/p>\n<p>Le Masque Derma Regen repr\u00e9sente un soutien fondamental dans les protocoles post-traitement.<\/p>\n","protected":false},"excerpt":{"rendered":"<p>Masque cosm\u00e9tique formul\u00e9 pour l\u2019application sur une peau non intacte  [&#8230;]<\/p>\n","protected":false},"featured_media":996,"comment_status":"closed","ping_status":"closed","template":"","meta":{"_acf_changed":false},"product_brand":[],"product_cat":[84],"product_tag":[],"class_list":{"0":"post-995","1":"product","2":"type-product","3":"status-publish","4":"has-post-thumbnail","6":"product_cat-peelings-chimiques","8":"first","9":"instock","10":"shipping-taxable","11":"purchasable","12":"product-type-simple"},"acf":[],"_links":{"self":[{"href":"https:\/\/www.dermadue.ch\/fr\/wp-json\/wp\/v2\/product\/995","targetHints":{"allow":["GET"]}}],"collection":[{"href":"https:\/\/www.dermadue.ch\/fr\/wp-json\/wp\/v2\/product"}],"about":[{"href":"https:\/\/www.dermadue.ch\/fr\/wp-json\/wp\/v2\/types\/product"}],"replies":[{"embeddable":true,"href":"https:\/\/www.dermadue.ch\/fr\/wp-json\/wp\/v2\/comments?post=995"}],"wp:featuredmedia":[{"embeddable":true,"href":"https:\/\/www.dermadue.ch\/fr\/wp-json\/wp\/v2\/media\/996"}],"wp:attachment":[{"href":"https:\/\/www.dermadue.ch\/fr\/wp-json\/wp\/v2\/media?parent=995"}],"wp:term":[{"taxonomy":"product_brand","embeddable":true,"href":"https:\/\/www.dermadue.ch\/fr\/wp-json\/wp\/v2\/product_brand?post=995"},{"taxonomy":"product_cat","embeddable":true,"href":"https:\/\/www.dermadue.ch\/fr\/wp-json\/wp\/v2\/product_cat?post=995"},{"taxonomy":"product_tag","embeddable":true,"href":"https:\/\/www.dermadue.ch\/fr\/wp-json\/wp\/v2\/product_tag?post=995"}],"curies":[{"name":"wp","href":"https:\/\/api.w.org\/{rel}","templated":true}]}}