{"id":989,"date":"2026-02-13T16:05:59","date_gmt":"2026-02-13T15:05:59","guid":{"rendered":"https:\/\/www.dermadue.ch\/prodotto\/derma-purifying-mousse\/"},"modified":"2026-02-13T16:05:59","modified_gmt":"2026-02-13T15:05:59","slug":"derma-purifying-mousse","status":"publish","type":"product","link":"https:\/\/www.dermadue.ch\/fr\/produit\/derma-purifying-mousse\/","title":{"rendered":"DERMA PURIFYING MOUSSE"},"content":{"rendered":"<p>Derma Purifying Mousse est indiqu\u00e9e pour le nettoyage quotidien des peaux mixtes ou grasses, caract\u00e9ris\u00e9es par un exc\u00e8s de s\u00e9bum, des impuret\u00e9s et des manifestations acn\u00e9iques.<\/p>\n<p>Le produit est utilis\u00e9 pour nettoyer la peau en favorisant une action purifiante et r\u00e9\u00e9quilibrante, contribuant \u00e0 contrer les prolif\u00e9rations bact\u00e9riennes et \u00e0 r\u00e9guler la production s\u00e9bac\u00e9e. La peau appara\u00eet plus propre et visiblement plus \u00e9quilibr\u00e9e, pr\u00eate pour les traitements esth\u00e9tiques suivants ou pour la routine cosm\u00e9tique quotidienne. <\/p>\n","protected":false},"excerpt":{"rendered":"<p><strong>Mousse nettoyante<\/strong> cosm\u00e9tique formul\u00e9e pour le nettoyage des peaux impures, mixtes ou grasses, indiqu\u00e9e dans les traitements esth\u00e9tiques n\u00e9cessitant une action <strong>purifiante et r\u00e9\u00e9quilibrante<\/strong>.<\/p>\n","protected":false},"featured_media":486,"comment_status":"closed","ping_status":"closed","template":"","meta":{"_acf_changed":false},"product_brand":[],"product_cat":[84],"product_tag":[],"class_list":{"0":"post-989","1":"product","2":"type-product","3":"status-publish","4":"has-post-thumbnail","6":"product_cat-peelings-chimiques","8":"first","9":"instock","10":"shipping-taxable","11":"purchasable","12":"product-type-simple"},"acf":[],"_links":{"self":[{"href":"https:\/\/www.dermadue.ch\/fr\/wp-json\/wp\/v2\/product\/989","targetHints":{"allow":["GET"]}}],"collection":[{"href":"https:\/\/www.dermadue.ch\/fr\/wp-json\/wp\/v2\/product"}],"about":[{"href":"https:\/\/www.dermadue.ch\/fr\/wp-json\/wp\/v2\/types\/product"}],"replies":[{"embeddable":true,"href":"https:\/\/www.dermadue.ch\/fr\/wp-json\/wp\/v2\/comments?post=989"}],"wp:featuredmedia":[{"embeddable":true,"href":"https:\/\/www.dermadue.ch\/fr\/wp-json\/wp\/v2\/media\/486"}],"wp:attachment":[{"href":"https:\/\/www.dermadue.ch\/fr\/wp-json\/wp\/v2\/media?parent=989"}],"wp:term":[{"taxonomy":"product_brand","embeddable":true,"href":"https:\/\/www.dermadue.ch\/fr\/wp-json\/wp\/v2\/product_brand?post=989"},{"taxonomy":"product_cat","embeddable":true,"href":"https:\/\/www.dermadue.ch\/fr\/wp-json\/wp\/v2\/product_cat?post=989"},{"taxonomy":"product_tag","embeddable":true,"href":"https:\/\/www.dermadue.ch\/fr\/wp-json\/wp\/v2\/product_tag?post=989"}],"curies":[{"name":"wp","href":"https:\/\/api.w.org\/{rel}","templated":true}]}}