{"id":959,"date":"2026-02-12T15:32:54","date_gmt":"2026-02-12T14:32:54","guid":{"rendered":"https:\/\/www.dermadue.ch\/prodotto\/derma-lipo\/"},"modified":"2026-02-12T15:32:54","modified_gmt":"2026-02-12T14:32:54","slug":"derma-lipo","status":"publish","type":"product","link":"https:\/\/www.dermadue.ch\/fr\/produit\/derma-lipo\/","title":{"rendered":"DERMA-LIPO"},"content":{"rendered":"<p>Formulation professionnelle d\u00e9velopp\u00e9e pour accompagner les protocoles esth\u00e9tiques d\u00e9di\u00e9s au <strong>remodelage des zones corporelles<\/strong>, en pr\u00e9sence <strong>d\u2019amas localis\u00e9s<\/strong> influen\u00e7ant la <strong>d\u00e9finition du profil corporel<\/strong>.<\/p>\n<p>La combinaison de substances fonctionnelles s\u00e9lectionn\u00e9es soutient les parcours professionnels visant \u00e0 <strong>am\u00e9liorer l\u2019aspect des zones trait\u00e9es<\/strong>, en contribuant \u00e0 une <strong>plus grande uniformit\u00e9 et fermet\u00e9 visuelle<\/strong>, selon une <strong>approche cosm\u00e9tique progressive et non invasive<\/strong>.<\/p>\n","protected":false},"excerpt":{"rendered":"<p>Cocktail professionnel indiqu\u00e9 pour les protocoles esth\u00e9tiques d\u00e9di\u00e9s au <strong>remodelage corporel<\/strong>, lorsque l\u2019objectif est d\u2019intervenir sur l\u2019aspect des <strong>amas adipeux localis\u00e9s<\/strong> et d\u2019am\u00e9liorer la d\u00e9finition du profil corporel.<\/p>\n","protected":false},"featured_media":391,"comment_status":"open","ping_status":"closed","template":"","meta":{"_acf_changed":false},"product_brand":[],"product_cat":[80],"product_tag":[],"class_list":{"0":"post-959","1":"product","2":"type-product","3":"status-publish","4":"has-post-thumbnail","6":"product_cat-cocktail","8":"first","9":"instock","10":"shipping-taxable","11":"purchasable","12":"product-type-simple"},"acf":[],"_links":{"self":[{"href":"https:\/\/www.dermadue.ch\/fr\/wp-json\/wp\/v2\/product\/959","targetHints":{"allow":["GET"]}}],"collection":[{"href":"https:\/\/www.dermadue.ch\/fr\/wp-json\/wp\/v2\/product"}],"about":[{"href":"https:\/\/www.dermadue.ch\/fr\/wp-json\/wp\/v2\/types\/product"}],"replies":[{"embeddable":true,"href":"https:\/\/www.dermadue.ch\/fr\/wp-json\/wp\/v2\/comments?post=959"}],"wp:featuredmedia":[{"embeddable":true,"href":"https:\/\/www.dermadue.ch\/fr\/wp-json\/wp\/v2\/media\/391"}],"wp:attachment":[{"href":"https:\/\/www.dermadue.ch\/fr\/wp-json\/wp\/v2\/media?parent=959"}],"wp:term":[{"taxonomy":"product_brand","embeddable":true,"href":"https:\/\/www.dermadue.ch\/fr\/wp-json\/wp\/v2\/product_brand?post=959"},{"taxonomy":"product_cat","embeddable":true,"href":"https:\/\/www.dermadue.ch\/fr\/wp-json\/wp\/v2\/product_cat?post=959"},{"taxonomy":"product_tag","embeddable":true,"href":"https:\/\/www.dermadue.ch\/fr\/wp-json\/wp\/v2\/product_tag?post=959"}],"curies":[{"name":"wp","href":"https:\/\/api.w.org\/{rel}","templated":true}]}}