{"id":877,"date":"2026-03-24T17:20:24","date_gmt":"2026-03-24T16:20:24","guid":{"rendered":"https:\/\/www.dermadue.ch\/formation\/"},"modified":"2026-05-04T15:08:06","modified_gmt":"2026-05-04T13:08:06","slug":"formation","status":"publish","type":"page","link":"https:\/\/www.dermadue.ch\/fr\/formation\/","title":{"rendered":"Formation"},"content":{"rendered":"<p><div class=\"fusion-fullwidth fullwidth-box fusion-builder-row-1 fusion-flex-container has-pattern-background has-mask-background nonhundred-percent-fullwidth non-hundred-percent-height-scrolling\" style=\"--awb-background-position:right bottom;--awb-border-color:var(--awb-color3);--awb-border-radius-top-left:0px;--awb-border-radius-top-right:0px;--awb-border-radius-bottom-right:0px;--awb-border-radius-bottom-left:0px;--awb-padding-top:80px;--awb-padding-bottom:80px;--awb-padding-top-medium:60px;--awb-padding-bottom-medium:60px;--awb-padding-top-small:40px;--awb-padding-right-small:20px;--awb-padding-bottom-small:40px;--awb-padding-left-small:20px;--awb-background-color:var(--awb-color2);--awb-flex-wrap:wrap;\" ><div class=\"fusion-builder-row fusion-row fusion-flex-align-items-center fusion-flex-content-wrap\" style=\"max-width:1248px;margin-left: calc(-4% \/ 2 );margin-right: calc(-4% \/ 2 );\"><div class=\"fusion-layout-column fusion_builder_column fusion-builder-column-0 fusion_builder_column_1_2 1_2 fusion-flex-column\" style=\"--awb-bg-size:cover;--awb-width-large:50%;--awb-margin-top-large:0px;--awb-spacing-right-large:3.84%;--awb-margin-bottom-large:0px;--awb-spacing-left-large:3.84%;--awb-width-medium:100%;--awb-order-medium:0;--awb-spacing-right-medium:1.92%;--awb-spacing-left-medium:1.92%;--awb-width-small:100%;--awb-order-small:0;--awb-spacing-right-small:1.92%;--awb-spacing-left-small:1.92%;\" data-scroll-devices=\"small-visibility,medium-visibility,large-visibility\"><div class=\"fusion-column-wrapper fusion-column-has-shadow fusion-flex-justify-content-flex-start fusion-content-layout-column\"><div class=\"fusion-title title fusion-title-1 fusion-sep-none fusion-title-text fusion-title-size-two titolone\" style=\"--awb-margin-top-small:0px;--awb-margin-right-small:0px;--awb-margin-bottom-small:10px;--awb-margin-left-small:0px;\"><h2 class=\"fusion-title-heading title-heading-left sm-text-align-center\" style=\"margin:0;\">Formation professionnelle<\/h2><\/div><div class=\"fusion-text fusion-text-1 sm-text-align-center fusion-text-no-margin\" style=\"--awb-margin-bottom:0px;\"><p>La formation repr\u00e9sente une part importante de notre activit\u00e9.<br \/>\nLes produits professionnels n\u00e9cessitent des connaissances, une m\u00e9thode et une application correcte afin d\u2019exprimer pleinement leur potentiel.<\/p>\n<p>Pour cette raison, <strong>Derma 2.0 CH<\/strong> organise des formations destin\u00e9es aux professionnelles du secteur de l\u2019esth\u00e9tique, avec pour objectif de transmettre des comp\u00e9tences pratiques et une approche de travail structur\u00e9e.<\/p>\n<\/div><\/div><\/div><div class=\"fusion-layout-column fusion_builder_column fusion-builder-column-1 fusion_builder_column_1_2 1_2 fusion-flex-column fusion-no-small-visibility fusion-no-medium-visibility\" style=\"--awb-bg-size:cover;--awb-width-large:50%;--awb-margin-top-large:0px;--awb-spacing-right-large:3.84%;--awb-margin-bottom-large:0px;--awb-spacing-left-large:3.84%;--awb-width-medium:50%;--awb-order-medium:0;--awb-spacing-right-medium:3.84%;--awb-spacing-left-medium:3.84%;--awb-width-small:100%;--awb-order-small:0;--awb-spacing-right-small:1.92%;--awb-spacing-left-small:1.92%;\" data-scroll-devices=\"small-visibility,medium-visibility,large-visibility\"><div class=\"fusion-column-wrapper fusion-column-has-shadow fusion-flex-justify-content-flex-start fusion-content-layout-column\"><div class=\"fusion-image-element \" style=\"text-align:center;--awb-max-width:250px;--awb-caption-title-font-family:var(--h2_typography-font-family);--awb-caption-title-font-weight:var(--h2_typography-font-weight);--awb-caption-title-font-style:var(--h2_typography-font-style);--awb-caption-title-size:var(--h2_typography-font-size);--awb-caption-title-transform:var(--h2_typography-text-transform);--awb-caption-title-line-height:var(--h2_typography-line-height);--awb-caption-title-letter-spacing:var(--h2_typography-letter-spacing);\"><span class=\" fusion-imageframe imageframe-none imageframe-1 hover-type-none\"><img decoding=\"async\" width=\"558\" height=\"140\" title=\"logoch70@2X\" src=\"https:\/\/www.dermadue.ch\/wp-content\/uploads\/2025\/11\/logoch70@2X.png\" alt class=\"img-responsive wp-image-874\" srcset=\"https:\/\/www.dermadue.ch\/wp-content\/uploads\/2025\/11\/logoch70@2X-200x50.png 200w, https:\/\/www.dermadue.ch\/wp-content\/uploads\/2025\/11\/logoch70@2X-400x100.png 400w, https:\/\/www.dermadue.ch\/wp-content\/uploads\/2025\/11\/logoch70@2X.png 558w\" sizes=\"(max-width: 767px) 100vw, 558px\" \/><\/span><\/div><\/div><\/div><\/div><\/div><div class=\"fusion-fullwidth fullwidth-box fusion-builder-row-2 fusion-flex-container has-pattern-background has-mask-background nonhundred-percent-fullwidth non-hundred-percent-height-scrolling\" style=\"--awb-border-sizes-bottom:1px;--awb-border-radius-top-left:0px;--awb-border-radius-top-right:0px;--awb-border-radius-bottom-right:0px;--awb-border-radius-bottom-left:0px;--awb-padding-top:80px;--awb-padding-bottom:80px;--awb-padding-top-medium:60px;--awb-padding-bottom-medium:60px;--awb-padding-top-small:40px;--awb-padding-right-small:20px;--awb-padding-bottom-small:40px;--awb-padding-left-small:20px;--awb-flex-wrap:wrap;\" ><div class=\"fusion-builder-row fusion-row fusion-flex-align-items-center fusion-flex-content-wrap\" style=\"max-width:calc( 1200px + 80px );margin-left: calc(-80px \/ 2 );margin-right: calc(-80px \/ 2 );\"><div class=\"fusion-layout-column fusion_builder_column fusion-builder-column-2 fusion_builder_column_1_2 1_2 fusion-flex-column\" style=\"--awb-bg-size:cover;--awb-width-large:50%;--awb-margin-top-large:0px;--awb-spacing-right-large:40px;--awb-margin-bottom-large:0px;--awb-spacing-left-large:40px;--awb-width-medium:100%;--awb-order-medium:0;--awb-spacing-right-medium:40px;--awb-spacing-left-medium:40px;--awb-width-small:100%;--awb-order-small:0;--awb-spacing-right-small:40px;--awb-spacing-left-small:40px;\" data-scroll-devices=\"small-visibility,medium-visibility,large-visibility\"><div class=\"fusion-column-wrapper fusion-column-has-shadow fusion-flex-justify-content-flex-start fusion-content-layout-column\"><div class=\"fusion-image-element \" style=\"--awb-caption-title-font-family:var(--h2_typography-font-family);--awb-caption-title-font-weight:var(--h2_typography-font-weight);--awb-caption-title-font-style:var(--h2_typography-font-style);--awb-caption-title-size:var(--h2_typography-font-size);--awb-caption-title-transform:var(--h2_typography-text-transform);--awb-caption-title-line-height:var(--h2_typography-line-height);--awb-caption-title-letter-spacing:var(--h2_typography-letter-spacing);\"><span class=\" fusion-imageframe imageframe-none imageframe-2 hover-type-none\" style=\"border-radius:20px;\"><img decoding=\"async\" width=\"1200\" height=\"675\" title=\"categoria-macchinari\" src=\"https:\/\/www.dermadue.ch\/wp-content\/uploads\/2026\/02\/categoria-macchinari.jpg\" alt class=\"img-responsive wp-image-875\" srcset=\"https:\/\/www.dermadue.ch\/wp-content\/uploads\/2026\/02\/categoria-macchinari-200x113.jpg 200w, https:\/\/www.dermadue.ch\/wp-content\/uploads\/2026\/02\/categoria-macchinari-400x225.jpg 400w, https:\/\/www.dermadue.ch\/wp-content\/uploads\/2026\/02\/categoria-macchinari-600x338.jpg 600w, https:\/\/www.dermadue.ch\/wp-content\/uploads\/2026\/02\/categoria-macchinari-800x450.jpg 800w, https:\/\/www.dermadue.ch\/wp-content\/uploads\/2026\/02\/categoria-macchinari.jpg 1200w\" sizes=\"(max-width: 767px) 100vw, 600px\" \/><\/span><\/div><\/div><\/div><div class=\"fusion-layout-column fusion_builder_column fusion-builder-column-3 fusion_builder_column_1_2 1_2 fusion-flex-column\" style=\"--awb-padding-top-medium:60px;--awb-padding-top-small:40px;--awb-bg-size:cover;--awb-width-large:50%;--awb-margin-top-large:0px;--awb-spacing-right-large:40px;--awb-margin-bottom-large:0px;--awb-spacing-left-large:40px;--awb-width-medium:100%;--awb-order-medium:0;--awb-spacing-right-medium:40px;--awb-spacing-left-medium:40px;--awb-width-small:100%;--awb-order-small:0;--awb-spacing-right-small:40px;--awb-spacing-left-small:40px;\" data-scroll-devices=\"small-visibility,medium-visibility,large-visibility\"><div class=\"fusion-column-wrapper fusion-column-has-shadow fusion-flex-justify-content-flex-start fusion-content-layout-column\"><div class=\"fusion-title title fusion-title-2 fusion-sep-none fusion-title-text fusion-title-size-two titolone\" style=\"--awb-margin-top-small:0px;--awb-margin-right-small:0px;--awb-margin-bottom-small:10px;--awb-margin-left-small:0px;\"><h2 class=\"fusion-title-heading title-heading-left sm-text-align-center\" style=\"margin:0;\">Contenu des formations<\/h2><\/div><div class=\"fusion-text fusion-text-2 fusion-text-no-margin\" style=\"--awb-margin-bottom:0px;\"><p>Les formations abordent diff\u00e9rentes techniques et protocoles utilis\u00e9s dans la pratique professionnelle, notamment :<\/p>\n<ul>\n<li>peelings chimiques<\/li>\n<li>microneedling<\/li>\n<li>protocoles combin\u00e9s (peeling + ampoules st\u00e9riles sp\u00e9cifiques)<\/li>\n<li>fils tenseurs cosm\u00e9tiques<\/li>\n<li>utilisation des appareils professionnels que nous distribuons (GDR et \u00e9lectroporateur)<\/li>\n<\/ul>\n<p>L\u2019objectif est d\u2019offrir une vision compl\u00e8te des traitements et des diff\u00e9rentes combinaisons possibles dans la pratique.<\/p>\n<\/div><\/div><\/div><\/div><\/div><div class=\"fusion-fullwidth fullwidth-box fusion-builder-row-3 fusion-flex-container has-pattern-background has-mask-background nonhundred-percent-fullwidth non-hundred-percent-height-scrolling\" style=\"--awb-border-radius-top-left:0px;--awb-border-radius-top-right:0px;--awb-border-radius-bottom-right:0px;--awb-border-radius-bottom-left:0px;--awb-padding-top:80px;--awb-padding-bottom:80px;--awb-padding-top-medium:60px;--awb-padding-bottom-medium:60px;--awb-padding-top-small:40px;--awb-padding-right-small:20px;--awb-padding-bottom-small:40px;--awb-padding-left-small:20px;--awb-flex-wrap:wrap;\" ><div class=\"fusion-builder-row fusion-row fusion-flex-align-items-center fusion-flex-content-wrap\" style=\"max-width:calc( 1200px + 80px );margin-left: calc(-80px \/ 2 );margin-right: calc(-80px \/ 2 );\"><div class=\"fusion-layout-column fusion_builder_column fusion-builder-column-4 fusion_builder_column_1_2 1_2 fusion-flex-column\" style=\"--awb-padding-top:40px;--awb-padding-right:40px;--awb-padding-bottom:40px;--awb-padding-left:40px;--awb-padding-top-small:20px;--awb-padding-right-small:20px;--awb-padding-bottom-small:20px;--awb-padding-left-small:20px;--awb-overflow:hidden;--awb-bg-color:var(--awb-color2);--awb-bg-color-hover:var(--awb-color2);--awb-bg-size:cover;--awb-border-radius:20px 20px 20px 20px;--awb-width-large:50%;--awb-margin-top-large:0px;--awb-spacing-right-large:40px;--awb-margin-bottom-large:0px;--awb-spacing-left-large:40px;--awb-width-medium:100%;--awb-order-medium:0;--awb-spacing-right-medium:40px;--awb-spacing-left-medium:40px;--awb-width-small:100%;--awb-order-small:0;--awb-spacing-right-small:40px;--awb-spacing-left-small:40px;\" data-scroll-devices=\"small-visibility,medium-visibility,large-visibility\"><div class=\"fusion-column-wrapper fusion-column-has-shadow fusion-flex-justify-content-flex-start fusion-content-layout-column\"><div class=\"fusion-title title fusion-title-3 fusion-sep-none fusion-title-text fusion-title-size-two titolone\" style=\"--awb-margin-top-small:0px;--awb-margin-right-small:0px;--awb-margin-bottom-small:10px;--awb-margin-left-small:0px;\"><h2 class=\"fusion-title-heading title-heading-left sm-text-align-center\" style=\"margin:0;\">Contenu des formations<\/h2><\/div><div class=\"fusion-text fusion-text-3 sm-text-align-center fusion-text-no-margin\" style=\"--awb-margin-bottom:0px;\"><p>Les formations sont organis\u00e9es en une partie th\u00e9orique et une partie pratique.<\/p>\n<p>Durant la phase th\u00e9orique, les principaux inesth\u00e9tismes cutan\u00e9s et les diff\u00e9rentes strat\u00e9gies de traitement sont analys\u00e9s. Les caract\u00e9ristiques des produits, leurs champs d\u2019application ainsi que les techniques combin\u00e9es permettant d\u2019optimiser les r\u00e9sultats sont \u00e9galement approfondis.<\/p>\n<p>Une attention particuli\u00e8re est port\u00e9e \u00e0 <strong>l\u2019utilisation rationnelle des produits<\/strong>, afin de garantir l\u2019efficacit\u00e9 du traitement et la durabilit\u00e9 \u00e9conomique pour la professionnelle.<\/p>\n<p>La partie pratique se d\u00e9roule sur mod\u00e8les r\u00e9els, permettant aux participantes d\u2019observer directement les techniques de travail et les modalit\u00e9s d\u2019application.<\/p>\n<\/div><div class=\"fusion-separator fusion-full-width-sep\" style=\"align-self: center;margin-left: auto;margin-right: auto;margin-bottom:40px;width:100%;\"><\/div><div class=\"fusion-title title fusion-title-4 fusion-sep-none fusion-title-text fusion-title-size-two titolone\" style=\"--awb-margin-top-small:0px;--awb-margin-right-small:0px;--awb-margin-bottom-small:10px;--awb-margin-left-small:0px;\"><h2 class=\"fusion-title-heading title-heading-left sm-text-align-center\" style=\"margin:0;\">\u00c0 qui s\u2019adressent les formations<\/h2><\/div><div class=\"fusion-text fusion-text-4 sm-text-align-center fusion-text-no-margin\" style=\"--awb-margin-bottom:0px;\"><p>Les formations s\u2019adressent principalement aux <strong>esth\u00e9ticiennes et aux professionnelles du secteur de la bea<\/strong>ut\u00e9 qui souhaitent approfondir les techniques et protocoles li\u00e9s aux produits Derma 2.0.<\/p>\n<p>Les cours sont <strong>ouverts mais principalement orient\u00e9s vers notre client\u00e8le<\/strong>, dans le but d\u2019accompagner les professionnelles dans l\u2019utilisation correcte des produits et dans le d\u00e9veloppement de leur activit\u00e9.<\/p>\n<\/div><\/div><\/div><div class=\"fusion-layout-column fusion_builder_column fusion-builder-column-5 fusion_builder_column_1_2 1_2 fusion-flex-column\" style=\"--awb-padding-top-medium:60px;--awb-padding-top-small:40px;--awb-bg-size:cover;--awb-width-large:50%;--awb-margin-top-large:0px;--awb-spacing-right-large:40px;--awb-margin-bottom-large:0px;--awb-spacing-left-large:40px;--awb-width-medium:100%;--awb-order-medium:0;--awb-spacing-right-medium:40px;--awb-spacing-left-medium:40px;--awb-width-small:100%;--awb-order-small:0;--awb-spacing-right-small:40px;--awb-spacing-left-small:40px;\" data-scroll-devices=\"small-visibility,medium-visibility,large-visibility\"><div class=\"fusion-column-wrapper fusion-column-has-shadow fusion-flex-justify-content-flex-start fusion-content-layout-column\"><div class=\"fusion-title title fusion-title-5 fusion-sep-none fusion-title-text fusion-title-size-three titolone\" style=\"--awb-margin-top-small:0px;--awb-margin-right-small:0px;--awb-margin-bottom-small:10px;--awb-margin-left-small:0px;\"><h3 class=\"fusion-title-heading title-heading-left sm-text-align-center\" style=\"margin:0;\">Formations en petits groupes<\/h3><\/div><div class=\"fusion-text fusion-text-5 sm-text-align-center fusion-text-no-margin\" style=\"--awb-margin-bottom:0px;\"><p>Les formations sont organis\u00e9es avec <strong>un nombre limit\u00e9 de participantes<\/strong>, afin de favoriser les \u00e9changes, approfondir les questions et suivre attentivement chaque \u00e9tape de l\u2019apprentissage.<\/p>\n<p>Cette approche permet d\u2019aborder les contenus de mani\u00e8re concr\u00e8te et de transmettre une m\u00e9thode de travail r\u00e9ellement applicable en cabine.<\/p>\n<\/div><div class=\"fusion-separator fusion-full-width-sep\" style=\"align-self: center;margin-left: auto;margin-right: auto;margin-bottom:40px;width:100%;\"><\/div><div class=\"fusion-title title fusion-title-6 fusion-sep-none fusion-title-text fusion-title-size-three titolone\" style=\"--awb-margin-top-small:0px;--awb-margin-right-small:0px;--awb-margin-bottom-small:10px;--awb-margin-left-small:0px;\"><h3 class=\"fusion-title-heading title-heading-left sm-text-align-center\" style=\"margin:0;\">Niveau de formation<\/h3><\/div><div class=\"fusion-text fusion-text-6 sm-text-align-center fusion-text-no-margin\" style=\"--awb-margin-bottom:0px;\"><p>Les formations sont con\u00e7ues pour transmettre <strong>des connaissances avanc\u00e9es<\/strong>, permettant aux participantes d\u2019appliquer les techniques apprises avec davantage d\u2019autonomie et de s\u00e9curit\u00e9.<\/p>\n<p>Sur demande, il est \u00e9galement possible d\u2019organiser <strong>des formations personnalis\u00e9es<\/strong>, adapt\u00e9es aux besoins sp\u00e9cifiques de la professionnelle ou de l\u2019institut.<\/p>\n<\/div><div class=\"fusion-separator fusion-full-width-sep\" style=\"align-self: center;margin-left: auto;margin-right: auto;margin-bottom:40px;width:100%;\"><\/div><div class=\"fusion-title title fusion-title-7 fusion-sep-none fusion-title-text fusion-title-size-three titolone\" style=\"--awb-margin-top-small:0px;--awb-margin-right-small:0px;--awb-margin-bottom-small:10px;--awb-margin-left-small:0px;\"><h3 class=\"fusion-title-heading title-heading-left sm-text-align-center\" style=\"margin:0;\">Modalit\u00e9s de formation<\/h3><\/div><div class=\"fusion-text fusion-text-7 sm-text-align-center fusion-text-no-margin\" style=\"--awb-margin-bottom:0px;\"><p>Les formations se d\u00e9roulent g\u00e9n\u00e9ralement dans <strong>nos locaux \u00e0 Melide<\/strong> ou <strong>en ligne<\/strong>, selon le type de formation.<\/p>\n<p>Plusieurs sessions sont organis\u00e9es au cours de l\u2019ann\u00e9e, en fonction des demandes et des besoins des professionnelles.<\/p>\n<\/div><\/div><\/div><\/div><\/div><div class=\"fusion-fullwidth fullwidth-box fusion-builder-row-4 fusion-flex-container has-pattern-background has-mask-background nonhundred-percent-fullwidth non-hundred-percent-height-scrolling\" style=\"--awb-border-sizes-bottom:1px;--awb-border-radius-top-left:0px;--awb-border-radius-top-right:0px;--awb-border-radius-bottom-right:0px;--awb-border-radius-bottom-left:0px;--awb-padding-top:80px;--awb-padding-bottom:80px;--awb-padding-top-medium:60px;--awb-padding-bottom-medium:60px;--awb-padding-top-small:40px;--awb-padding-right-small:20px;--awb-padding-bottom-small:40px;--awb-padding-left-small:20px;--awb-background-color:var(--awb-color2);--awb-flex-wrap:wrap;\" ><div class=\"fusion-builder-row fusion-row fusion-flex-align-items-center fusion-flex-content-wrap\" style=\"max-width:calc( 1200px + 80px );margin-left: calc(-80px \/ 2 );margin-right: calc(-80px \/ 2 );\"><div class=\"fusion-layout-column fusion_builder_column fusion-builder-column-6 fusion_builder_column_1_2 1_2 fusion-flex-column\" style=\"--awb-bg-size:cover;--awb-width-large:50%;--awb-margin-top-large:0px;--awb-spacing-right-large:40px;--awb-margin-bottom-large:0px;--awb-spacing-left-large:40px;--awb-width-medium:100%;--awb-order-medium:0;--awb-spacing-right-medium:40px;--awb-spacing-left-medium:40px;--awb-width-small:100%;--awb-order-small:0;--awb-spacing-right-small:40px;--awb-spacing-left-small:40px;\" data-scroll-devices=\"small-visibility,medium-visibility,large-visibility\"><div class=\"fusion-column-wrapper fusion-column-has-shadow fusion-flex-justify-content-flex-start fusion-content-layout-column\"><div class=\"fusion-image-element \" style=\"--awb-caption-title-font-family:var(--h2_typography-font-family);--awb-caption-title-font-weight:var(--h2_typography-font-weight);--awb-caption-title-font-style:var(--h2_typography-font-style);--awb-caption-title-size:var(--h2_typography-font-size);--awb-caption-title-transform:var(--h2_typography-text-transform);--awb-caption-title-line-height:var(--h2_typography-line-height);--awb-caption-title-letter-spacing:var(--h2_typography-letter-spacing);\"><span class=\" fusion-imageframe imageframe-none imageframe-3 hover-type-none\" style=\"border-radius:20px;\"><img decoding=\"async\" width=\"1200\" height=\"675\" title=\"Categoria-skincare\" src=\"https:\/\/www.dermadue.ch\/wp-content\/uploads\/2025\/11\/Categoria-skincare.jpg\" alt class=\"img-responsive wp-image-876\" srcset=\"https:\/\/www.dermadue.ch\/wp-content\/uploads\/2025\/11\/Categoria-skincare-200x113.jpg 200w, https:\/\/www.dermadue.ch\/wp-content\/uploads\/2025\/11\/Categoria-skincare-400x225.jpg 400w, https:\/\/www.dermadue.ch\/wp-content\/uploads\/2025\/11\/Categoria-skincare-600x338.jpg 600w, https:\/\/www.dermadue.ch\/wp-content\/uploads\/2025\/11\/Categoria-skincare-800x450.jpg 800w, https:\/\/www.dermadue.ch\/wp-content\/uploads\/2025\/11\/Categoria-skincare.jpg 1200w\" sizes=\"(max-width: 767px) 100vw, 600px\" \/><\/span><\/div><\/div><\/div><div class=\"fusion-layout-column fusion_builder_column fusion-builder-column-7 fusion_builder_column_1_2 1_2 fusion-flex-column\" style=\"--awb-padding-top-medium:60px;--awb-padding-top-small:40px;--awb-bg-size:cover;--awb-width-large:50%;--awb-margin-top-large:0px;--awb-spacing-right-large:40px;--awb-margin-bottom-large:0px;--awb-spacing-left-large:40px;--awb-width-medium:100%;--awb-order-medium:0;--awb-spacing-right-medium:40px;--awb-spacing-left-medium:40px;--awb-width-small:100%;--awb-order-small:0;--awb-spacing-right-small:40px;--awb-spacing-left-small:40px;\" data-scroll-devices=\"small-visibility,medium-visibility,large-visibility\"><div class=\"fusion-column-wrapper fusion-column-has-shadow fusion-flex-justify-content-flex-start fusion-content-layout-column\"><div class=\"fusion-title title fusion-title-8 fusion-sep-none fusion-title-text fusion-title-size-two titolone\" style=\"--awb-margin-top-small:0px;--awb-margin-right-small:0px;--awb-margin-bottom-small:10px;--awb-margin-left-small:0px;\"><h2 class=\"fusion-title-heading title-heading-left sm-text-align-center\" style=\"margin:0;\">Informations et inscriptions<\/h2><\/div><div class=\"fusion-text fusion-text-8 fusion-text-no-margin\" style=\"--awb-margin-bottom:0px;\"><p>Pour conna\u00eetre les prochaines dates de formation, vous pouvez :<\/p>\n<ul>\n<li>consulter les mises \u00e0 jour sur notre site<\/li>\n<li>suivre nos r\u00e9seaux sociaux<\/li>\n<li>nous contacter directement pour obtenir plus d\u2019informations<\/li>\n<\/ul>\n<\/div><\/div><\/div><\/div><\/div><\/p>\n","protected":false},"excerpt":{"rendered":"","protected":false},"author":1,"featured_media":0,"parent":0,"menu_order":0,"comment_status":"closed","ping_status":"closed","template":"100-width.php","meta":{"_acf_changed":false,"footnotes":""},"class_list":["post-877","page","type-page","status-publish","hentry"],"acf":[],"_links":{"self":[{"href":"https:\/\/www.dermadue.ch\/fr\/wp-json\/wp\/v2\/pages\/877","targetHints":{"allow":["GET"]}}],"collection":[{"href":"https:\/\/www.dermadue.ch\/fr\/wp-json\/wp\/v2\/pages"}],"about":[{"href":"https:\/\/www.dermadue.ch\/fr\/wp-json\/wp\/v2\/types\/page"}],"author":[{"embeddable":true,"href":"https:\/\/www.dermadue.ch\/fr\/wp-json\/wp\/v2\/users\/1"}],"replies":[{"embeddable":true,"href":"https:\/\/www.dermadue.ch\/fr\/wp-json\/wp\/v2\/comments?post=877"}],"version-history":[{"count":3,"href":"https:\/\/www.dermadue.ch\/fr\/wp-json\/wp\/v2\/pages\/877\/revisions"}],"predecessor-version":[{"id":880,"href":"https:\/\/www.dermadue.ch\/fr\/wp-json\/wp\/v2\/pages\/877\/revisions\/880"}],"wp:attachment":[{"href":"https:\/\/www.dermadue.ch\/fr\/wp-json\/wp\/v2\/media?parent=877"}],"curies":[{"name":"wp","href":"https:\/\/api.w.org\/{rel}","templated":true}]}}