{"id":1205,"date":"2026-02-18T16:07:59","date_gmt":"2026-02-18T15:07:59","guid":{"rendered":"https:\/\/www.dermadue.ch\/prodotto\/dermapen-a6-2\/"},"modified":"2026-02-18T16:07:59","modified_gmt":"2026-02-18T15:07:59","slug":"dermapen-a6-2","status":"publish","type":"product","link":"https:\/\/www.dermadue.ch\/de\/produkt\/dermapen-a6-2\/","title":{"rendered":"Dermapen A6"},"content":{"rendered":"<p><strong>Professionelles Microneedling-Ger\u00e4t<\/strong> zur Erzeugung kontrollierter Mikrokan\u00e4le, die f\u00fcr die transdermale Vektorisation ausschlie\u00dflich steriler funktioneller Substanzen geeignet sind.<\/p>\n<p>Leistungsstarkes, pr\u00e4zises und modular einstellbares Arbeitsinstrument, entwickelt zur Gew\u00e4hrleistung einer kontinuierlichen Anwendung.<\/p>\n","protected":false},"excerpt":{"rendered":"<p>Professionelles Microneedling-Ger\u00e4t zur Erzeugung kontrollierter Mikrokan\u00e4le, die f\u00fcr die transdermale  [&#8230;]<\/p>\n","protected":false},"featured_media":531,"comment_status":"closed","ping_status":"closed","template":"","meta":{"_acf_changed":false},"product_brand":[],"product_cat":[91],"product_tag":[],"class_list":{"0":"post-1205","1":"product","2":"type-product","3":"status-publish","4":"has-post-thumbnail","6":"product_cat-professionelle-gerate","8":"first","9":"instock","10":"shipping-taxable","11":"purchasable","12":"product-type-simple"},"acf":[],"_links":{"self":[{"href":"https:\/\/www.dermadue.ch\/de\/wp-json\/wp\/v2\/product\/1205","targetHints":{"allow":["GET"]}}],"collection":[{"href":"https:\/\/www.dermadue.ch\/de\/wp-json\/wp\/v2\/product"}],"about":[{"href":"https:\/\/www.dermadue.ch\/de\/wp-json\/wp\/v2\/types\/product"}],"replies":[{"embeddable":true,"href":"https:\/\/www.dermadue.ch\/de\/wp-json\/wp\/v2\/comments?post=1205"}],"wp:featuredmedia":[{"embeddable":true,"href":"https:\/\/www.dermadue.ch\/de\/wp-json\/wp\/v2\/media\/531"}],"wp:attachment":[{"href":"https:\/\/www.dermadue.ch\/de\/wp-json\/wp\/v2\/media?parent=1205"}],"wp:term":[{"taxonomy":"product_brand","embeddable":true,"href":"https:\/\/www.dermadue.ch\/de\/wp-json\/wp\/v2\/product_brand?post=1205"},{"taxonomy":"product_cat","embeddable":true,"href":"https:\/\/www.dermadue.ch\/de\/wp-json\/wp\/v2\/product_cat?post=1205"},{"taxonomy":"product_tag","embeddable":true,"href":"https:\/\/www.dermadue.ch\/de\/wp-json\/wp\/v2\/product_tag?post=1205"}],"curies":[{"name":"wp","href":"https:\/\/api.w.org\/{rel}","templated":true}]}}