{"id":1077,"date":"2026-02-13T15:27:44","date_gmt":"2026-02-13T14:27:44","guid":{"rendered":"https:\/\/www.dermadue.ch\/prodotto\/peeling-derma-bio-2\/"},"modified":"2026-02-13T15:27:44","modified_gmt":"2026-02-13T14:27:44","slug":"peeling-derma-bio-2","status":"publish","type":"product","link":"https:\/\/www.dermadue.ch\/de\/produkt\/peeling-derma-bio-2\/","title":{"rendered":"PEELING DERMA BIO"},"content":{"rendered":"<p>Die zweiphasige Formulierung auf Basis von S\u00e4uren und funktionellen Wirkstoffen ist f\u00fcr den professionellen \u00e4sthetischen Einsatz in Behandlungen zur nadellosen Biorevitalisierung des Gesichts vorgesehen, wenn das Ziel darin besteht, das Hautbild in Bezug auf Feuchtigkeit, Leuchtkraft und Vitalit\u00e4t zu verbessern.<br \/>\nDas Peeling Derma Bio Peel wird bei kutaner Dehydratation, unregelm\u00e4\u00dfiger Textur, fahler Haut, feinen Falten, leichten Dyschromien und Atonie eingesetzt und f\u00f6rdert bereits ab den ersten Anwendungen eine sichtbar gleichm\u00e4\u00dfigere, straffere und strahlendere Haut.<\/p>\n","protected":false},"excerpt":{"rendered":"<p>Zweiphasiges chemisches Peeling, formuliert f\u00fcr den professionellen Einsatz in \u00e4sthetischen Behandlungen zur nadellosen Biorevitalisierung der Haut sowie zur Verbesserung von Feuchtigkeit, Textur und Gesamtbild der Haut.<\/p>\n","protected":false},"featured_media":466,"comment_status":"closed","ping_status":"closed","template":"","meta":{"_acf_changed":false},"product_brand":[],"product_cat":[85],"product_tag":[],"class_list":{"0":"post-1077","1":"product","2":"type-product","3":"status-publish","4":"has-post-thumbnail","6":"product_cat-chemische-peelings","8":"first","9":"instock","10":"shipping-taxable","11":"purchasable","12":"product-type-simple"},"acf":[],"_links":{"self":[{"href":"https:\/\/www.dermadue.ch\/de\/wp-json\/wp\/v2\/product\/1077","targetHints":{"allow":["GET"]}}],"collection":[{"href":"https:\/\/www.dermadue.ch\/de\/wp-json\/wp\/v2\/product"}],"about":[{"href":"https:\/\/www.dermadue.ch\/de\/wp-json\/wp\/v2\/types\/product"}],"replies":[{"embeddable":true,"href":"https:\/\/www.dermadue.ch\/de\/wp-json\/wp\/v2\/comments?post=1077"}],"wp:featuredmedia":[{"embeddable":true,"href":"https:\/\/www.dermadue.ch\/de\/wp-json\/wp\/v2\/media\/466"}],"wp:attachment":[{"href":"https:\/\/www.dermadue.ch\/de\/wp-json\/wp\/v2\/media?parent=1077"}],"wp:term":[{"taxonomy":"product_brand","embeddable":true,"href":"https:\/\/www.dermadue.ch\/de\/wp-json\/wp\/v2\/product_brand?post=1077"},{"taxonomy":"product_cat","embeddable":true,"href":"https:\/\/www.dermadue.ch\/de\/wp-json\/wp\/v2\/product_cat?post=1077"},{"taxonomy":"product_tag","embeddable":true,"href":"https:\/\/www.dermadue.ch\/de\/wp-json\/wp\/v2\/product_tag?post=1077"}],"curies":[{"name":"wp","href":"https:\/\/api.w.org\/{rel}","templated":true}]}}