{"id":1071,"date":"2026-02-13T12:55:32","date_gmt":"2026-02-13T11:55:32","guid":{"rendered":"https:\/\/www.dermadue.ch\/prodotto\/peeling-glykolsaeure-50\/"},"modified":"2026-02-13T12:55:32","modified_gmt":"2026-02-13T11:55:32","slug":"peeling-glykolsaeure-50","status":"publish","type":"product","link":"https:\/\/www.dermadue.ch\/de\/produkt\/peeling-glykolsaeure-50\/","title":{"rendered":"PEELING GLYKOLS\u00c4URE 50%"},"content":{"rendered":"<p>Die Formulierung mit 50% Glykols\u00e4ure ist f\u00fcr den professionellen \u00e4sthetischen Einsatz vorgesehen, wenn eine intensive und kontrollierte exfolierende kosmetische Wirkung erforderlich ist.<br \/>\nDas Produkt wird insbesondere bei verdickter, fahler oder unregelm\u00e4\u00dfiger Hautstruktur eingesetzt, wenn das Ziel die Verbesserung der Textur und der Hautausstrahlung ist, sowohl im Gesicht als auch am K\u00f6rper.<br \/>\nDas Glykols\u00e4ure-Peeling 50% stellt eine professionelle Wahl in Protokollen dar, bei denen gezielt auf die Erneuerung des Hautbildes eingewirkt und die Haut auf nachfolgende Behandlungen vorbereitet werden soll.<\/p>\n","protected":false},"excerpt":{"rendered":"<p>Chemisches Peeling auf Basis von Glykols\u00e4ure, bestimmt f\u00fcr die professionelle Anwendung zur Erneuerung des Hautbildes und zur Verbesserung der Hauttextur.<\/p>\n","protected":false},"featured_media":460,"comment_status":"closed","ping_status":"closed","template":"","meta":{"_acf_changed":false},"product_brand":[],"product_cat":[85],"product_tag":[],"class_list":{"0":"post-1071","1":"product","2":"type-product","3":"status-publish","4":"has-post-thumbnail","6":"product_cat-chemische-peelings","8":"first","9":"instock","10":"shipping-taxable","11":"purchasable","12":"product-type-simple"},"acf":[],"_links":{"self":[{"href":"https:\/\/www.dermadue.ch\/de\/wp-json\/wp\/v2\/product\/1071","targetHints":{"allow":["GET"]}}],"collection":[{"href":"https:\/\/www.dermadue.ch\/de\/wp-json\/wp\/v2\/product"}],"about":[{"href":"https:\/\/www.dermadue.ch\/de\/wp-json\/wp\/v2\/types\/product"}],"replies":[{"embeddable":true,"href":"https:\/\/www.dermadue.ch\/de\/wp-json\/wp\/v2\/comments?post=1071"}],"wp:featuredmedia":[{"embeddable":true,"href":"https:\/\/www.dermadue.ch\/de\/wp-json\/wp\/v2\/media\/460"}],"wp:attachment":[{"href":"https:\/\/www.dermadue.ch\/de\/wp-json\/wp\/v2\/media?parent=1071"}],"wp:term":[{"taxonomy":"product_brand","embeddable":true,"href":"https:\/\/www.dermadue.ch\/de\/wp-json\/wp\/v2\/product_brand?post=1071"},{"taxonomy":"product_cat","embeddable":true,"href":"https:\/\/www.dermadue.ch\/de\/wp-json\/wp\/v2\/product_cat?post=1071"},{"taxonomy":"product_tag","embeddable":true,"href":"https:\/\/www.dermadue.ch\/de\/wp-json\/wp\/v2\/product_tag?post=1071"}],"curies":[{"name":"wp","href":"https:\/\/api.w.org\/{rel}","templated":true}]}}