{"id":1042,"date":"2026-02-12T14:57:49","date_gmt":"2026-02-12T13:57:49","guid":{"rendered":"https:\/\/www.dermadue.ch\/prodotto\/derma-celu\/"},"modified":"2026-02-12T14:57:49","modified_gmt":"2026-02-12T13:57:49","slug":"derma-celu","status":"publish","type":"product","link":"https:\/\/www.dermadue.ch\/de\/produkt\/derma-celu\/","title":{"rendered":"DERMA-CELU"},"content":{"rendered":"<p>Professionelle Formulierung, entwickelt zur Begleitung \u00e4sthetischer Protokolle, die auf die Behandlung sichtbarer Cellulite-Inhomogenit\u00e4ten ausgerichtet sind und durch Gewebeunregelm\u00e4\u00dfigkeiten sowie eine ungleichm\u00e4\u00dfige Hautoberfl\u00e4che gekennzeichnet sind.<br \/>\nDie Kombination ausgew\u00e4hlter funktioneller Substanzen unterst\u00fctzt professionelle Behandlungswege mit dem Ziel, das Erscheinungsbild der Hautstruktur zu verbessern und eine gr\u00f6\u00dfere visuelle Gleichm\u00e4\u00dfigkeit sowie Festigkeit zu f\u00f6rdern, gem\u00e4\u00df einem progressiven und nicht-invasiven kosmetischen Ansatz.<\/p>\n","protected":false},"excerpt":{"rendered":"<p>Professioneller Cocktail, angezeigt f\u00fcr \u00e4sthetische Protokolle zur Verbesserung des Erscheinungsbildes von Cellulite-bedingten Hautunregelm\u00e4\u00dfigkeiten am K\u00f6rper und an lokalisierten Arealen, wenn die Haut uneben, ungleichm\u00e4\u00dfig und wenig kompakt erscheint.<\/p>\n","protected":false},"featured_media":381,"comment_status":"open","ping_status":"closed","template":"","meta":{"_acf_changed":false},"product_brand":[],"product_cat":[81],"product_tag":[],"class_list":{"0":"post-1042","1":"product","2":"type-product","3":"status-publish","4":"has-post-thumbnail","6":"product_cat-cocktail","8":"first","9":"instock","10":"shipping-taxable","11":"purchasable","12":"product-type-simple"},"acf":[],"_links":{"self":[{"href":"https:\/\/www.dermadue.ch\/de\/wp-json\/wp\/v2\/product\/1042","targetHints":{"allow":["GET"]}}],"collection":[{"href":"https:\/\/www.dermadue.ch\/de\/wp-json\/wp\/v2\/product"}],"about":[{"href":"https:\/\/www.dermadue.ch\/de\/wp-json\/wp\/v2\/types\/product"}],"replies":[{"embeddable":true,"href":"https:\/\/www.dermadue.ch\/de\/wp-json\/wp\/v2\/comments?post=1042"}],"wp:featuredmedia":[{"embeddable":true,"href":"https:\/\/www.dermadue.ch\/de\/wp-json\/wp\/v2\/media\/381"}],"wp:attachment":[{"href":"https:\/\/www.dermadue.ch\/de\/wp-json\/wp\/v2\/media?parent=1042"}],"wp:term":[{"taxonomy":"product_brand","embeddable":true,"href":"https:\/\/www.dermadue.ch\/de\/wp-json\/wp\/v2\/product_brand?post=1042"},{"taxonomy":"product_cat","embeddable":true,"href":"https:\/\/www.dermadue.ch\/de\/wp-json\/wp\/v2\/product_cat?post=1042"},{"taxonomy":"product_tag","embeddable":true,"href":"https:\/\/www.dermadue.ch\/de\/wp-json\/wp\/v2\/product_tag?post=1042"}],"curies":[{"name":"wp","href":"https:\/\/api.w.org\/{rel}","templated":true}]}}