{"id":884,"date":"2026-03-24T17:20:24","date_gmt":"2026-03-24T16:20:24","guid":{"rendered":"https:\/\/www.dermadue.ch\/schulungen\/"},"modified":"2026-05-04T15:18:52","modified_gmt":"2026-05-04T13:18:52","slug":"schulungen","status":"publish","type":"page","link":"https:\/\/www.dermadue.ch\/de\/schulungen\/","title":{"rendered":"Schulungen"},"content":{"rendered":"<p><div class=\"fusion-fullwidth fullwidth-box fusion-builder-row-1 fusion-flex-container has-pattern-background has-mask-background nonhundred-percent-fullwidth non-hundred-percent-height-scrolling\" style=\"--awb-background-position:right bottom;--awb-border-color:var(--awb-color3);--awb-border-radius-top-left:0px;--awb-border-radius-top-right:0px;--awb-border-radius-bottom-right:0px;--awb-border-radius-bottom-left:0px;--awb-padding-top:80px;--awb-padding-bottom:80px;--awb-padding-top-medium:60px;--awb-padding-bottom-medium:60px;--awb-padding-top-small:40px;--awb-padding-right-small:20px;--awb-padding-bottom-small:40px;--awb-padding-left-small:20px;--awb-background-color:var(--awb-color2);--awb-flex-wrap:wrap;\" ><div class=\"fusion-builder-row fusion-row fusion-flex-align-items-center fusion-flex-content-wrap\" style=\"max-width:1248px;margin-left: calc(-4% \/ 2 );margin-right: calc(-4% \/ 2 );\"><div class=\"fusion-layout-column fusion_builder_column fusion-builder-column-0 fusion_builder_column_1_2 1_2 fusion-flex-column\" style=\"--awb-bg-size:cover;--awb-width-large:50%;--awb-margin-top-large:0px;--awb-spacing-right-large:3.84%;--awb-margin-bottom-large:0px;--awb-spacing-left-large:3.84%;--awb-width-medium:100%;--awb-order-medium:0;--awb-spacing-right-medium:1.92%;--awb-spacing-left-medium:1.92%;--awb-width-small:100%;--awb-order-small:0;--awb-spacing-right-small:1.92%;--awb-spacing-left-small:1.92%;\" data-scroll-devices=\"small-visibility,medium-visibility,large-visibility\"><div class=\"fusion-column-wrapper fusion-column-has-shadow fusion-flex-justify-content-flex-start fusion-content-layout-column\"><div class=\"fusion-title title fusion-title-1 fusion-sep-none fusion-title-text fusion-title-size-two titolone\" style=\"--awb-margin-top-small:0px;--awb-margin-right-small:0px;--awb-margin-bottom-small:10px;--awb-margin-left-small:0px;\"><h2 class=\"fusion-title-heading title-heading-left sm-text-align-center\" style=\"margin:0;\">Professionelle Schulung<\/h2><\/div><div class=\"fusion-text fusion-text-1 sm-text-align-center fusion-text-no-margin\" style=\"--awb-margin-bottom:0px;\"><p>Die Ausbildung ist ein wichtiger Bestandteil unserer T\u00e4tigkeit.<br \/>\nProfessionelle Produkte erfordern Fachwissen, eine klare Methodik und eine korrekte Anwendung, um ihr volles Potenzial entfalten zu k\u00f6nnen.<\/p>\n<p>Aus diesem Grund organisiert <strong>Derma 2.0 CH <\/strong>Schulungen f\u00fcr Fachpersonen aus der professionellen Kosmetikbranche mit dem Ziel, praktische Kompetenzen und eine strukturierte Arbeitsweise zu vermitteln.<\/p>\n<\/div><\/div><\/div><div class=\"fusion-layout-column fusion_builder_column fusion-builder-column-1 fusion_builder_column_1_2 1_2 fusion-flex-column fusion-no-small-visibility fusion-no-medium-visibility\" style=\"--awb-bg-size:cover;--awb-width-large:50%;--awb-margin-top-large:0px;--awb-spacing-right-large:3.84%;--awb-margin-bottom-large:0px;--awb-spacing-left-large:3.84%;--awb-width-medium:50%;--awb-order-medium:0;--awb-spacing-right-medium:3.84%;--awb-spacing-left-medium:3.84%;--awb-width-small:100%;--awb-order-small:0;--awb-spacing-right-small:1.92%;--awb-spacing-left-small:1.92%;\" data-scroll-devices=\"small-visibility,medium-visibility,large-visibility\"><div class=\"fusion-column-wrapper fusion-column-has-shadow fusion-flex-justify-content-flex-start fusion-content-layout-column\"><div class=\"fusion-image-element \" style=\"text-align:center;--awb-max-width:250px;--awb-caption-title-font-family:var(--h2_typography-font-family);--awb-caption-title-font-weight:var(--h2_typography-font-weight);--awb-caption-title-font-style:var(--h2_typography-font-style);--awb-caption-title-size:var(--h2_typography-font-size);--awb-caption-title-transform:var(--h2_typography-text-transform);--awb-caption-title-line-height:var(--h2_typography-line-height);--awb-caption-title-letter-spacing:var(--h2_typography-letter-spacing);\"><span class=\" fusion-imageframe imageframe-none imageframe-1 hover-type-none\"><img decoding=\"async\" width=\"558\" height=\"140\" title=\"logoch70@2X\" src=\"https:\/\/www.dermadue.ch\/wp-content\/uploads\/2025\/11\/logoch70@2X.png\" alt class=\"img-responsive wp-image-881\" srcset=\"https:\/\/www.dermadue.ch\/wp-content\/uploads\/2025\/11\/logoch70@2X-200x50.png 200w, https:\/\/www.dermadue.ch\/wp-content\/uploads\/2025\/11\/logoch70@2X-400x100.png 400w, https:\/\/www.dermadue.ch\/wp-content\/uploads\/2025\/11\/logoch70@2X.png 558w\" sizes=\"(max-width: 767px) 100vw, 558px\" \/><\/span><\/div><\/div><\/div><\/div><\/div><div class=\"fusion-fullwidth fullwidth-box fusion-builder-row-2 fusion-flex-container has-pattern-background has-mask-background nonhundred-percent-fullwidth non-hundred-percent-height-scrolling\" style=\"--awb-border-sizes-bottom:1px;--awb-border-radius-top-left:0px;--awb-border-radius-top-right:0px;--awb-border-radius-bottom-right:0px;--awb-border-radius-bottom-left:0px;--awb-padding-top:80px;--awb-padding-bottom:80px;--awb-padding-top-medium:60px;--awb-padding-bottom-medium:60px;--awb-padding-top-small:40px;--awb-padding-right-small:20px;--awb-padding-bottom-small:40px;--awb-padding-left-small:20px;--awb-flex-wrap:wrap;\" ><div class=\"fusion-builder-row fusion-row fusion-flex-align-items-center fusion-flex-content-wrap\" style=\"max-width:calc( 1200px + 80px );margin-left: calc(-80px \/ 2 );margin-right: calc(-80px \/ 2 );\"><div class=\"fusion-layout-column fusion_builder_column fusion-builder-column-2 fusion_builder_column_1_2 1_2 fusion-flex-column\" style=\"--awb-bg-size:cover;--awb-width-large:50%;--awb-margin-top-large:0px;--awb-spacing-right-large:40px;--awb-margin-bottom-large:0px;--awb-spacing-left-large:40px;--awb-width-medium:100%;--awb-order-medium:0;--awb-spacing-right-medium:40px;--awb-spacing-left-medium:40px;--awb-width-small:100%;--awb-order-small:0;--awb-spacing-right-small:40px;--awb-spacing-left-small:40px;\" data-scroll-devices=\"small-visibility,medium-visibility,large-visibility\"><div class=\"fusion-column-wrapper fusion-column-has-shadow fusion-flex-justify-content-flex-start fusion-content-layout-column\"><div class=\"fusion-image-element \" style=\"--awb-caption-title-font-family:var(--h2_typography-font-family);--awb-caption-title-font-weight:var(--h2_typography-font-weight);--awb-caption-title-font-style:var(--h2_typography-font-style);--awb-caption-title-size:var(--h2_typography-font-size);--awb-caption-title-transform:var(--h2_typography-text-transform);--awb-caption-title-line-height:var(--h2_typography-line-height);--awb-caption-title-letter-spacing:var(--h2_typography-letter-spacing);\"><span class=\" fusion-imageframe imageframe-none imageframe-2 hover-type-none\" style=\"border-radius:20px;\"><img decoding=\"async\" width=\"1200\" height=\"675\" title=\"categoria-macchinari\" src=\"https:\/\/www.dermadue.ch\/wp-content\/uploads\/2026\/02\/categoria-macchinari.jpg\" alt class=\"img-responsive wp-image-882\" srcset=\"https:\/\/www.dermadue.ch\/wp-content\/uploads\/2026\/02\/categoria-macchinari-200x113.jpg 200w, https:\/\/www.dermadue.ch\/wp-content\/uploads\/2026\/02\/categoria-macchinari-400x225.jpg 400w, https:\/\/www.dermadue.ch\/wp-content\/uploads\/2026\/02\/categoria-macchinari-600x338.jpg 600w, https:\/\/www.dermadue.ch\/wp-content\/uploads\/2026\/02\/categoria-macchinari-800x450.jpg 800w, https:\/\/www.dermadue.ch\/wp-content\/uploads\/2026\/02\/categoria-macchinari.jpg 1200w\" sizes=\"(max-width: 767px) 100vw, 600px\" \/><\/span><\/div><\/div><\/div><div class=\"fusion-layout-column fusion_builder_column fusion-builder-column-3 fusion_builder_column_1_2 1_2 fusion-flex-column\" style=\"--awb-padding-top-medium:60px;--awb-padding-top-small:40px;--awb-bg-size:cover;--awb-width-large:50%;--awb-margin-top-large:0px;--awb-spacing-right-large:40px;--awb-margin-bottom-large:0px;--awb-spacing-left-large:40px;--awb-width-medium:100%;--awb-order-medium:0;--awb-spacing-right-medium:40px;--awb-spacing-left-medium:40px;--awb-width-small:100%;--awb-order-small:0;--awb-spacing-right-small:40px;--awb-spacing-left-small:40px;\" data-scroll-devices=\"small-visibility,medium-visibility,large-visibility\"><div class=\"fusion-column-wrapper fusion-column-has-shadow fusion-flex-justify-content-flex-start fusion-content-layout-column\"><div class=\"fusion-title title fusion-title-2 fusion-sep-none fusion-title-text fusion-title-size-two titolone\" style=\"--awb-margin-top-small:0px;--awb-margin-right-small:0px;--awb-margin-bottom-small:10px;--awb-margin-left-small:0px;\"><h2 class=\"fusion-title-heading title-heading-left sm-text-align-center\" style=\"margin:0;\">Inhalte der Schulungen<\/h2><\/div><div class=\"fusion-text fusion-text-2 fusion-text-no-margin\" style=\"--awb-margin-bottom:0px;\"><p>Die Schulungen behandeln verschiedene Techniken und Arbeitsprotokolle, die in der professionellen Praxis eingesetzt werden, darunter:<\/p>\n<ul>\n<li>chemische Peelings<\/li>\n<li>microneedling<\/li>\n<li>kombinierte Behandlungsprotokolle (Peeling + spezifische sterile Ampullen)<\/li>\n<li>kosmetische Liftingf\u00e4den<\/li>\n<li>Anwendung der von uns vertriebenen professionellen Ger\u00e4te (GDR und Elektroporator)<\/li>\n<\/ul>\n<p>Ziel ist es, einen umfassenden \u00dcberblick \u00fcber Behandlungen und m\u00f6gliche Kombinationen in der praktischen Arbeit zu vermitteln.<\/p>\n<\/div><\/div><\/div><\/div><\/div><div class=\"fusion-fullwidth fullwidth-box fusion-builder-row-3 fusion-flex-container has-pattern-background has-mask-background nonhundred-percent-fullwidth non-hundred-percent-height-scrolling\" style=\"--awb-border-radius-top-left:0px;--awb-border-radius-top-right:0px;--awb-border-radius-bottom-right:0px;--awb-border-radius-bottom-left:0px;--awb-padding-top:80px;--awb-padding-bottom:80px;--awb-padding-top-medium:60px;--awb-padding-bottom-medium:60px;--awb-padding-top-small:40px;--awb-padding-right-small:20px;--awb-padding-bottom-small:40px;--awb-padding-left-small:20px;--awb-flex-wrap:wrap;\" ><div class=\"fusion-builder-row fusion-row fusion-flex-align-items-center fusion-flex-content-wrap\" style=\"max-width:calc( 1200px + 80px );margin-left: calc(-80px \/ 2 );margin-right: calc(-80px \/ 2 );\"><div class=\"fusion-layout-column fusion_builder_column fusion-builder-column-4 fusion_builder_column_1_2 1_2 fusion-flex-column\" style=\"--awb-padding-top:40px;--awb-padding-right:40px;--awb-padding-bottom:40px;--awb-padding-left:40px;--awb-padding-top-small:20px;--awb-padding-right-small:20px;--awb-padding-bottom-small:20px;--awb-padding-left-small:20px;--awb-overflow:hidden;--awb-bg-color:var(--awb-color2);--awb-bg-color-hover:var(--awb-color2);--awb-bg-size:cover;--awb-border-radius:20px 20px 20px 20px;--awb-width-large:50%;--awb-margin-top-large:0px;--awb-spacing-right-large:40px;--awb-margin-bottom-large:0px;--awb-spacing-left-large:40px;--awb-width-medium:100%;--awb-order-medium:0;--awb-spacing-right-medium:40px;--awb-spacing-left-medium:40px;--awb-width-small:100%;--awb-order-small:0;--awb-spacing-right-small:40px;--awb-spacing-left-small:40px;\" data-scroll-devices=\"small-visibility,medium-visibility,large-visibility\"><div class=\"fusion-column-wrapper fusion-column-has-shadow fusion-flex-justify-content-flex-start fusion-content-layout-column\"><div class=\"fusion-title title fusion-title-3 fusion-sep-none fusion-title-text fusion-title-size-two titolone\" style=\"--awb-margin-top-small:0px;--awb-margin-right-small:0px;--awb-margin-bottom-small:10px;--awb-margin-left-small:0px;\"><h2 class=\"fusion-title-heading title-heading-left sm-text-align-center\" style=\"margin:0;\">Aufbau der Schulungen<\/h2><\/div><div class=\"fusion-text fusion-text-3 sm-text-align-center fusion-text-no-margin\" style=\"--awb-margin-bottom:0px;\"><p>Die Schulungen bestehen aus <strong>einem theoretischen und einem praktischen Teil<\/strong>.<\/p>\n<p>Im theoretischen Teil werden verschiedene Hautzust\u00e4nde und deren m\u00f6gliche Behandlungsstrategien analysiert. Zudem werden die Eigenschaften der Produkte, ihre Anwendungsbereiche sowie kombinierte Techniken erl\u00e4utert, die dazu beitragen k\u00f6nnen, Behandlungsergebnisse zu optimieren.<\/p>\n<p>Besondere Aufmerksamkeit gilt auch dem <strong>rationellen Einsatz der Produkte<\/strong>, um die Wirksamkeit der Behandlung sowie die wirtschaftliche Nachhaltigkeit f\u00fcr die Fachperson zu gew\u00e4hrleisten.<\/p>\n<p>Der praktische Teil findet an <strong>realen Modellen<\/strong> statt und erm\u00f6glicht es den Teilnehmenden, die Arbeitstechniken und Abl\u00e4ufe direkt zu beobachten.<\/p>\n<\/div><div class=\"fusion-separator fusion-full-width-sep\" style=\"align-self: center;margin-left: auto;margin-right: auto;margin-bottom:40px;width:100%;\"><\/div><div class=\"fusion-title title fusion-title-4 fusion-sep-none fusion-title-text fusion-title-size-two titolone\" style=\"--awb-margin-top-small:0px;--awb-margin-right-small:0px;--awb-margin-bottom-small:10px;--awb-margin-left-small:0px;\"><h2 class=\"fusion-title-heading title-heading-left sm-text-align-center\" style=\"margin:0;\">F\u00fcr wen die Schulungen gedacht sind<\/h2><\/div><div class=\"fusion-text fusion-text-4 sm-text-align-center fusion-text-no-margin\" style=\"--awb-margin-bottom:0px;\"><p>Die Schulungen richten sich haupts\u00e4chlich an <strong>Kosmetikerinnen und Fachpersonen aus der Beauty-Branche<\/strong>, die ihre Kenntnisse \u00fcber Techniken und Arbeitsprotokolle im Zusammenhang mit den Produkten von Derma 2.0 vertiefen m\u00f6chten.<\/p>\n<p>Die Kurse sind <strong>offen, jedoch prim\u00e4r auf unsere Kundinnen und Kunden ausgerichtet<\/strong>, mit dem Ziel, Fachpersonen bei der korrekten Anwendung der Produkte und bei der Weiterentwicklung ihrer beruflichen T\u00e4tigkeit zu unterst\u00fctzen.<\/p>\n<\/div><\/div><\/div><div class=\"fusion-layout-column fusion_builder_column fusion-builder-column-5 fusion_builder_column_1_2 1_2 fusion-flex-column\" style=\"--awb-padding-top-medium:60px;--awb-padding-top-small:40px;--awb-bg-size:cover;--awb-width-large:50%;--awb-margin-top-large:0px;--awb-spacing-right-large:40px;--awb-margin-bottom-large:0px;--awb-spacing-left-large:40px;--awb-width-medium:100%;--awb-order-medium:0;--awb-spacing-right-medium:40px;--awb-spacing-left-medium:40px;--awb-width-small:100%;--awb-order-small:0;--awb-spacing-right-small:40px;--awb-spacing-left-small:40px;\" data-scroll-devices=\"small-visibility,medium-visibility,large-visibility\"><div class=\"fusion-column-wrapper fusion-column-has-shadow fusion-flex-justify-content-flex-start fusion-content-layout-column\"><div class=\"fusion-title title fusion-title-5 fusion-sep-none fusion-title-text fusion-title-size-three titolone\" style=\"--awb-margin-top-small:0px;--awb-margin-right-small:0px;--awb-margin-bottom-small:10px;--awb-margin-left-small:0px;\"><h3 class=\"fusion-title-heading title-heading-left sm-text-align-center\" style=\"margin:0;\">Schulungen in kleinen Gruppen<\/h3><\/div><div class=\"fusion-text fusion-text-5 sm-text-align-center fusion-text-no-margin\" style=\"--awb-margin-bottom:0px;\"><p>Die Schulungen werden mit <strong>einer begrenzten Teilnehmerzahl <\/strong>durchgef\u00fchrt, um einen direkten Austausch zu erm\u00f6glichen, Fragen vertieft zu behandeln und jede Phase der Ausbildung aufmerksam begleiten zu k\u00f6nnen.<\/p>\n<p>Dieser Ansatz erlaubt es, Inhalte praxisnah zu vermitteln und eine Arbeitsmethode weiterzugeben, die in der Kabine tats\u00e4chlich umsetzbar ist.<\/p>\n<\/div><div class=\"fusion-separator fusion-full-width-sep\" style=\"align-self: center;margin-left: auto;margin-right: auto;margin-bottom:40px;width:100%;\"><\/div><div class=\"fusion-title title fusion-title-6 fusion-sep-none fusion-title-text fusion-title-size-three titolone\" style=\"--awb-margin-top-small:0px;--awb-margin-right-small:0px;--awb-margin-bottom-small:10px;--awb-margin-left-small:0px;\"><h3 class=\"fusion-title-heading title-heading-left sm-text-align-center\" style=\"margin:0;\">Ausbildungsniveau<\/h3><\/div><div class=\"fusion-text fusion-text-6 sm-text-align-center fusion-text-no-margin\" style=\"--awb-margin-bottom:0px;\"><p>Die Schulungen sind so konzipiert, dass sie <strong>fortgeschrittene Kenntnisse vermitteln<\/strong>, damit die Teilnehmenden die erlernten Techniken mit gr\u00f6sserer Sicherheit und Selbstst\u00e4ndigkeit anwenden k\u00f6nnen.<\/p>\n<p>Auf Anfrage k\u00f6nnen auch <strong>individuell zugeschnittene Schulungen<\/strong> organisiert werden, die sich an den spezifischen Bed\u00fcrfnissen der Fachperson oder des Instituts orientieren.<\/p>\n<\/div><div class=\"fusion-separator fusion-full-width-sep\" style=\"align-self: center;margin-left: auto;margin-right: auto;margin-bottom:40px;width:100%;\"><\/div><div class=\"fusion-title title fusion-title-7 fusion-sep-none fusion-title-text fusion-title-size-three titolone\" style=\"--awb-margin-top-small:0px;--awb-margin-right-small:0px;--awb-margin-bottom-small:10px;--awb-margin-left-small:0px;\"><h3 class=\"fusion-title-heading title-heading-left sm-text-align-center\" style=\"margin:0;\">Durchf\u00fchrung der Schulungen<\/h3><\/div><div class=\"fusion-text fusion-text-7 sm-text-align-center fusion-text-no-margin\" style=\"--awb-margin-bottom:0px;\"><p>Die Schulungen finden in der Regel an unserem <strong>Standort in Melide<\/strong> oder <strong>online <\/strong>statt, je nach Art der Ausbildung.<\/p>\n<p>Im Laufe des Jahres werden mehrere Schulungstermine organisiert, abh\u00e4ngig von der Nachfrage und den Bed\u00fcrfnissen der Fachpersonen.<\/p>\n<\/div><\/div><\/div><\/div><\/div><div class=\"fusion-fullwidth fullwidth-box fusion-builder-row-4 fusion-flex-container has-pattern-background has-mask-background nonhundred-percent-fullwidth non-hundred-percent-height-scrolling\" style=\"--awb-border-sizes-bottom:1px;--awb-border-radius-top-left:0px;--awb-border-radius-top-right:0px;--awb-border-radius-bottom-right:0px;--awb-border-radius-bottom-left:0px;--awb-padding-top:80px;--awb-padding-bottom:80px;--awb-padding-top-medium:60px;--awb-padding-bottom-medium:60px;--awb-padding-top-small:40px;--awb-padding-right-small:20px;--awb-padding-bottom-small:40px;--awb-padding-left-small:20px;--awb-background-color:var(--awb-color2);--awb-flex-wrap:wrap;\" ><div class=\"fusion-builder-row fusion-row fusion-flex-align-items-center fusion-flex-content-wrap\" style=\"max-width:calc( 1200px + 80px );margin-left: calc(-80px \/ 2 );margin-right: calc(-80px \/ 2 );\"><div class=\"fusion-layout-column fusion_builder_column fusion-builder-column-6 fusion_builder_column_1_2 1_2 fusion-flex-column\" style=\"--awb-bg-size:cover;--awb-width-large:50%;--awb-margin-top-large:0px;--awb-spacing-right-large:40px;--awb-margin-bottom-large:0px;--awb-spacing-left-large:40px;--awb-width-medium:100%;--awb-order-medium:0;--awb-spacing-right-medium:40px;--awb-spacing-left-medium:40px;--awb-width-small:100%;--awb-order-small:0;--awb-spacing-right-small:40px;--awb-spacing-left-small:40px;\" data-scroll-devices=\"small-visibility,medium-visibility,large-visibility\"><div class=\"fusion-column-wrapper fusion-column-has-shadow fusion-flex-justify-content-flex-start fusion-content-layout-column\"><div class=\"fusion-image-element \" style=\"--awb-caption-title-font-family:var(--h2_typography-font-family);--awb-caption-title-font-weight:var(--h2_typography-font-weight);--awb-caption-title-font-style:var(--h2_typography-font-style);--awb-caption-title-size:var(--h2_typography-font-size);--awb-caption-title-transform:var(--h2_typography-text-transform);--awb-caption-title-line-height:var(--h2_typography-line-height);--awb-caption-title-letter-spacing:var(--h2_typography-letter-spacing);\"><span class=\" fusion-imageframe imageframe-none imageframe-3 hover-type-none\" style=\"border-radius:20px;\"><img decoding=\"async\" width=\"1200\" height=\"675\" title=\"Categoria-skincare\" src=\"https:\/\/www.dermadue.ch\/wp-content\/uploads\/2025\/11\/Categoria-skincare.jpg\" alt class=\"img-responsive wp-image-883\" srcset=\"https:\/\/www.dermadue.ch\/wp-content\/uploads\/2025\/11\/Categoria-skincare-200x113.jpg 200w, https:\/\/www.dermadue.ch\/wp-content\/uploads\/2025\/11\/Categoria-skincare-400x225.jpg 400w, https:\/\/www.dermadue.ch\/wp-content\/uploads\/2025\/11\/Categoria-skincare-600x338.jpg 600w, https:\/\/www.dermadue.ch\/wp-content\/uploads\/2025\/11\/Categoria-skincare-800x450.jpg 800w, https:\/\/www.dermadue.ch\/wp-content\/uploads\/2025\/11\/Categoria-skincare.jpg 1200w\" sizes=\"(max-width: 767px) 100vw, 600px\" \/><\/span><\/div><\/div><\/div><div class=\"fusion-layout-column fusion_builder_column fusion-builder-column-7 fusion_builder_column_1_2 1_2 fusion-flex-column\" style=\"--awb-padding-top-medium:60px;--awb-padding-top-small:40px;--awb-bg-size:cover;--awb-width-large:50%;--awb-margin-top-large:0px;--awb-spacing-right-large:40px;--awb-margin-bottom-large:0px;--awb-spacing-left-large:40px;--awb-width-medium:100%;--awb-order-medium:0;--awb-spacing-right-medium:40px;--awb-spacing-left-medium:40px;--awb-width-small:100%;--awb-order-small:0;--awb-spacing-right-small:40px;--awb-spacing-left-small:40px;\" data-scroll-devices=\"small-visibility,medium-visibility,large-visibility\"><div class=\"fusion-column-wrapper fusion-column-has-shadow fusion-flex-justify-content-flex-start fusion-content-layout-column\"><div class=\"fusion-title title fusion-title-8 fusion-sep-none fusion-title-text fusion-title-size-two titolone\" style=\"--awb-margin-top-small:0px;--awb-margin-right-small:0px;--awb-margin-bottom-small:10px;--awb-margin-left-small:0px;\"><h2 class=\"fusion-title-heading title-heading-left sm-text-align-center\" style=\"margin:0;\">Informationen und Anmeldung<\/h2><\/div><div class=\"fusion-text fusion-text-8 fusion-text-no-margin\" style=\"--awb-margin-bottom:0px;\"><p>Informationen zu den n\u00e4chsten Schulungsterminen erhalten Sie:<\/p>\n<ul>\n<li>\u00fcber die Updates auf unserer Website<\/li>\n<li>\u00fcber unsere Social-Media-Kan\u00e4le<\/li>\n<li>durch direkte Kontaktaufnahme mit unserem Team<\/li>\n<\/ul>\n<\/div><\/div><\/div><\/div><\/div><\/p>\n","protected":false},"excerpt":{"rendered":"","protected":false},"author":1,"featured_media":0,"parent":0,"menu_order":0,"comment_status":"closed","ping_status":"closed","template":"100-width.php","meta":{"_acf_changed":false,"footnotes":""},"class_list":["post-884","page","type-page","status-publish","hentry"],"acf":[],"_links":{"self":[{"href":"https:\/\/www.dermadue.ch\/de\/wp-json\/wp\/v2\/pages\/884","targetHints":{"allow":["GET"]}}],"collection":[{"href":"https:\/\/www.dermadue.ch\/de\/wp-json\/wp\/v2\/pages"}],"about":[{"href":"https:\/\/www.dermadue.ch\/de\/wp-json\/wp\/v2\/types\/page"}],"author":[{"embeddable":true,"href":"https:\/\/www.dermadue.ch\/de\/wp-json\/wp\/v2\/users\/1"}],"replies":[{"embeddable":true,"href":"https:\/\/www.dermadue.ch\/de\/wp-json\/wp\/v2\/comments?post=884"}],"version-history":[{"count":3,"href":"https:\/\/www.dermadue.ch\/de\/wp-json\/wp\/v2\/pages\/884\/revisions"}],"predecessor-version":[{"id":887,"href":"https:\/\/www.dermadue.ch\/de\/wp-json\/wp\/v2\/pages\/884\/revisions\/887"}],"wp:attachment":[{"href":"https:\/\/www.dermadue.ch\/de\/wp-json\/wp\/v2\/media?parent=884"}],"curies":[{"name":"wp","href":"https:\/\/api.w.org\/{rel}","templated":true}]}}